{"id":3970,"date":"2022-05-03T13:09:04","date_gmt":"2022-05-03T13:09:04","guid":{"rendered":"https:\/\/goclean.ee\/dekoratiivbetoon\/?page_id=3970"},"modified":"2022-05-17T15:22:32","modified_gmt":"2022-05-17T15:22:32","slug":"isetasanduvbetoon","status":"publish","type":"page","link":"https:\/\/goclean.ee\/dekoratiivbetoon\/isetasanduvbetoon\/","title":{"rendered":"Isetasanduvbetoon"},"content":{"rendered":"<p>[vc_row][vc_column]<div class='wd_empty_space' data-heightmobile='' data-heighttablet='' data-heightdesktop=''><\/div>  <div class=\"wd-heading s-behind-t text-left \"\r\n       style=\"; \">\r\n\t\t\r\n\t\t\t\r\n      <h2 style=\"\" data-text=\"vabalt voolama\">\r\n\t\t\t<span>Laske oma loovus<\/span> kastist v\u00e4lja ja vabalt voolama!      <\/h2>\r\n\r\n\t\t\t\t\t\t        <h2 style=\"\" class=\"subtitle\">\r\n\t\t\t\tvabalt voolama        <\/h2>\r\n\t\t\t\t\t\t\r\n\t\t    <\/div>\r\n\t\t<div class='wd_empty_space' data-heightmobile='' data-heighttablet='' data-heightdesktop=''><\/div>[\/vc_column][\/vc_row][vc_row full_width=&#8221;stretch_row&#8221; css=&#8221;.vc_custom_1651581283761{background-image: url(https:\/\/goclean.ee\/dekoratiivbetoon\/wp-content\/uploads\/2019\/11\/map_transparent_dark@2x.png?id=3109) !important;background-position: center !important;background-repeat: no-repeat !important;background-size: cover !important;}&#8221;][vc_column parallax=&#8221;content-moving&#8221; width=&#8221;1\/2&#8243; el_class=&#8221;overflow-visible&#8221;][vc_column_text]<span style=\"font-weight: 400; color: #000000;\">Valige meie isetasanduv seeria, kui soovite kergesti valatavat kokkut\u00f5mbumise vaba p\u00f5randat.<\/span><\/p>\n<p><strong><span style=\"color: #000000;\">P\u00f5hiomadused<\/span><\/strong><\/p>\n<p><span style=\"font-weight: 400; color: #000000;\">100% mineraalne<\/span><br \/>\n<span style=\"font-weight: 400; color: #000000;\">Kaubanduslikele ja t\u00f6\u00f6stuslikele pindadele<\/span><br \/>\n<span style=\"font-weight: 400; color: #000000;\">Keskkonnas\u00f5bralik<\/span><br \/>\n<span style=\"font-weight: 400; color: #000000;\">T\u00e4ielik v\u00e4rvivalik<\/span><br \/>\n<span style=\"color: #000000;\">Minimaalne paksus 3 mm<\/span><br \/>\n<span style=\"color: #000000;\">Sobilik nii sise- kui ka v\u00e4litingimustesse<\/span><\/p>\n<p><span style=\"font-weight: 400; color: #000000;\">Kiire ja lihtsalt paigaldatav isetasanduv sari on professionaalse kvaliteediga pinnakate, mis on valmistatud t\u00e4itematerjalide ja spetsiaalsete tsementidega. See sobib kasutamiseks nii keemia- kui ka suure liikluskoormusega t\u00f6\u00f6stuskeskkondades.<\/span><\/p>\n<p><span style=\"font-weight: 400; color: #000000;\">T\u00e4nu ainulaadsetele sidumisomadustele ei esine meie isetasanduvatel toodetel kokkut\u00f5mbumist, need on v\u00e4ga k\u00f5rge kulumiskindlusega ja vajavad vaid v\u00e4hest hooldust. Need omadused v\u00f5imaldavad tooteid kasutada tugevate, siledate ja vastupidavate vuukideta p\u00f5randate valmistamiseks, mis kestavad kaua. Erinevalt Terrazzo sarjaga, ei ole selles p\u00f5randas t\u00e4itematerjalide v\u00f5imalust.<\/span>[\/vc_column_text]\r\n\r\n<div class=\"wd_empty_space\" data-heightmobile=\"10px\" data-heighttablet=\"10px\" data-heightdesktop=\"60px\">\r\n\r\n<\/div>\r\n      \r\n\r\n\r\n\r\n        \r\n      \r\n    [\/vc_column][vc_column width=&#8221;1\/2&#8243;][vc_gallery interval=&#8221;0&#8243; images=&#8221;3971,3973,3974,3975,3976,3977,3978,3979,4025,4026,4027,4028&#8243; img_size=&#8221;600&#215;550&#8243;][\/vc_column][\/vc_row][vc_row full_width=&#8221;stretch_row&#8221; gap=&#8221;30&#8243; css=&#8221;.vc_custom_1650974767511{background-color: #fcfcfc !important;background-position: center !important;background-repeat: no-repeat !important;background-size: cover !important;}&#8221;][vc_column css=&#8221;.vc_custom_1623430052985{margin-bottom: 0px !important;}&#8221;]<div class='wd_empty_space' data-heightmobile='60' data-heighttablet='60' data-heightdesktop='80'><\/div>  <div class=\"wd-heading s-behind-t text-left s-behind-t\"\r\n       style=\"; \">\r\n\t\t\r\n\t\t\t\r\n      <h2 style=\"\" data-text=\"valikuv\u00f5imalused\">\r\n\t\t\t<span>Teised tooted<\/span>      <\/h2>\r\n\r\n\t\t\t\t\t\t        <p style=\"\" class=\"subtitle\">\r\n\t\t\t\tvalikuv\u00f5imalused        <\/p>\r\n\t\t\t\t\t\t\r\n\t\t    <\/div>\r\n\t\t<div class='wd_empty_space' data-heightmobile='0' data-heighttablet='0' data-heightdesktop='0'><\/div>[\/vc_column][\/vc_row][vc_row full_width=&#8221;stretch_row&#8221; css=&#8221;.vc_custom_1650973933369{background-color: #fcfcfc !important;background-position: center !important;background-repeat: no-repeat !important;background-size: contain !important;}&#8221;][vc_column width=&#8221;1\/2&#8243;][vc_single_image image=&#8221;3778&#8243; img_size=&#8221;full&#8221; alignment=&#8221;center&#8221; onclick=&#8221;custom_link&#8221; link=&#8221;https:\/\/goclean.ee\/dekoratiivbetoon\/terrazzo\/&#8221;]\r\n\r\n<div class=\"wd_empty_space\" data-heightmobile=\"10px\" data-heighttablet=\"10px\" data-heightdesktop=\"40px\">\r\n\r\n<\/div>\r\n      \r\n\r\n\r\n\r\n        \r\n      \r\n    [vc_column_text]<\/p>\n<h3>Seamless Terrazzo\u00ae sise- ja v\u00e4litingimustesse<\/h3>\n<p><span style=\"color: #000000;\">Seamless Terrazzo\u00ae on kohapeal paigaldamiseks m\u00f5eldud lahendus, mis v\u00f5imaldab luua vuukideta nii suuri kui ka \u00fclisuuri p\u00f5randapindu. Muudame ruumid kaunimaks ja t\u00f5stame nende eluiga.<\/span>[\/vc_column_text]\r\n\r\n<div class=\"wd_empty_space\" data-heightmobile=\"10px\" data-heighttablet=\"10px\" data-heightdesktop=\"40px\">\r\n\r\n<\/div>\r\n      \r\n\r\n\r\n\r\n        \r\n      \r\n    \r\n  <div\r\n    class=\"wd-btn-wrap text-left  animated \" data-animated=fadeInUp>\r\n    <a href=\"https:\/\/goclean.ee\/dekoratiivbetoon\/terrazzo\/\" class=\"wd-btn btn-solid btn-medium\"\r\n\r\n        style=\"color:#ffffff;  background-color:#bed0d1; \"\r\n        onMouseOver=\"this.style.color='#ffffff', this.style.backgroundColor='#394f5a'\"\r\n        onMouseOut=\"this.style.color='#ffffff', this.style.backgroundColor='#bed0d1'\"\r\n    >\r\n      Loe l\u00e4hemalt    <\/a>\r\n  <\/div>\r\n\r\n  \r\n\r\n<div class=\"wd_empty_space\" data-heightmobile=\"10px\" data-heighttablet=\"10px\" data-heightdesktop=\"40px\">\r\n\r\n<\/div>\r\n      \r\n\r\n\r\n\r\n        \r\n      \r\n    [\/vc_column][vc_column width=&#8221;1\/2&#8243;][vc_single_image image=&#8221;3771&#8243; img_size=&#8221;full&#8221; alignment=&#8221;center&#8221; onclick=&#8221;custom_link&#8221; link=&#8221;https:\/\/goclean.ee\/dekoratiivbetoon\/ecoflow\/&#8221;]\r\n\r\n<div class=\"wd_empty_space\" data-heightmobile=\"10px\" data-heighttablet=\"10px\" data-heightdesktop=\"40px\">\r\n\r\n<\/div>\r\n      \r\n\r\n\r\n\r\n        \r\n      \r\n    [vc_column_text]<\/p>\n<h3>Seamless EcoFlow<\/h3>\n<p><span style=\"color: #000000;\">Seamless EcoFlow annab teile v\u00f5imaluse luua t\u00e4itematerjalideta kauneid, keskkonnas\u00f5bralikke ja suure kasutuskoormusega pindu. Tulemuseks on sile, \u00fchtlane, vastupidav ja v\u00e4hese hooldusvajadusega loomuliku v\u00e4limusega p\u00f5randakate.<\/span>[\/vc_column_text]\r\n\r\n<div class=\"wd_empty_space\" data-heightmobile=\"10px\" data-heighttablet=\"10px\" data-heightdesktop=\"40px\">\r\n\r\n<\/div>\r\n      \r\n\r\n\r\n\r\n        \r\n      \r\n    \r\n  <div\r\n    class=\"wd-btn-wrap text-left  animated \" data-animated=fadeInUp>\r\n    <a href=\"https:\/\/goclean.ee\/dekoratiivbetoon\/ecoflow\/\" class=\"wd-btn btn-solid btn-medium\"\r\n\r\n        style=\"color:#ffffff;  background-color:#bed0d1; \"\r\n        onMouseOver=\"this.style.color='#ffffff', this.style.backgroundColor='#394f5a'\"\r\n        onMouseOut=\"this.style.color='#ffffff', this.style.backgroundColor='#bed0d1'\"\r\n    >\r\n      Loe l\u00e4hemalt    <\/a>\r\n  <\/div>\r\n\r\n  \r\n\r\n<div class=\"wd_empty_space\" data-heightmobile=\"10px\" data-heighttablet=\"10px\" data-heightdesktop=\"80px\">\r\n\r\n<\/div>\r\n      \r\n\r\n\r\n\r\n        \r\n      \r\n    [\/vc_column][\/vc_row][vc_row full_width=&#8221;stretch_row&#8221; css=&#8221;.vc_custom_1650964858512{background-image: url(https:\/\/goclean.ee\/dekoratiivbetoon\/wp-content\/uploads\/2019\/11\/map_transparent_dark@2x.png?id=3109) !important;background-position: center !important;background-repeat: no-repeat !important;background-size: cover !important;}&#8221; el_class=&#8221;free-quote&#8221;][vc_column width=&#8221;1\/2&#8243;]\r\n\r\n<div class=\"wd_empty_space\" data-heightmobile=\"10px\" data-heighttablet=\"10px\" data-heightdesktop=\"119px\">\r\n\r\n<\/div>\r\n      \r\n\r\n\r\n\r\n        \r\n      \r\n    [vc_single_image image=&#8221;4030&#8243; img_size=&#8221;629&#215;800&#8243;]\r\n\r\n<div class=\"wd_empty_space\" data-heightmobile=\"10px\" data-heighttablet=\"10px\" data-heightdesktop=\"150px\">\r\n\r\n<\/div>\r\n      \r\n\r\n\r\n\r\n        \r\n      \r\n    [\/vc_column][vc_column width=&#8221;1\/2&#8243; css=&#8221;.vc_custom_1486223056917{padding-left: 30px !important;}&#8221;]\r\n\r\n<div class=\"wd_empty_space\" data-heightmobile=\"40\" data-heighttablet=\"80\" data-heightdesktop=\"200\">\r\n\r\n<\/div>\r\n      \r\n\r\n\r\n\r\n        \r\n      \r\n    <div class='wd_empty_space' data-heightmobile='' data-heighttablet='' data-heightdesktop=''><\/div>  <div class=\"wd-heading t-only text-left s-behind-t\"\r\n       style=\"; \">\r\n\t\t\r\n      <h2 style=\"\"\"\r\n      data-text=\"Tunned huvi? V\u00f5ta \u00fchendust, leiame Sulle sobiva lahenduse.\">\r\n\t\t\tTunned huvi? V\u00f5ta \u00fchendust, leiame Sulle sobiva lahenduse.      <\/h2>\r\n\r\n\t\t\t    <\/div>\r\n\t\t<div class='wd_empty_space' data-heightmobile='' data-heighttablet='' data-heightdesktop=''><\/div>\r\n\r\n<div class=\"wd_empty_space\" data-heightmobile=\"20\" data-heighttablet=\"20\" data-heightdesktop=\"30\">\r\n\r\n<\/div>\r\n      \r\n\r\n\r\n\r\n        \r\n      \r\n    <div role=\"form\" class=\"wpcf7\" id=\"wpcf7-f2584-o1\" lang=\"en-US\" dir=\"ltr\">\n<div class=\"screen-reader-response\"><p role=\"status\" aria-live=\"polite\" aria-atomic=\"true\"><\/p> <ul><\/ul><\/div>\n<form action=\"\/dekoratiivbetoon\/wp-json\/wp\/v2\/pages\/3970#wpcf7-f2584-o1\" method=\"post\" class=\"wpcf7-form init\" novalidate=\"novalidate\" data-status=\"init\">\n<div style=\"display: none;\">\n<input type=\"hidden\" name=\"_wpcf7\" value=\"2584\" \/>\n<input type=\"hidden\" name=\"_wpcf7_version\" value=\"5.5.6\" \/>\n<input type=\"hidden\" name=\"_wpcf7_locale\" value=\"en_US\" \/>\n<input type=\"hidden\" name=\"_wpcf7_unit_tag\" value=\"wpcf7-f2584-o1\" \/>\n<input type=\"hidden\" name=\"_wpcf7_container_post\" value=\"0\" \/>\n<input type=\"hidden\" name=\"_wpcf7_posted_data_hash\" value=\"\" \/>\n<\/div>\n<div class=\"row\">\n<div class=\"small-12 large-6 columns\">\n  <span class=\"wpcf7-form-control-wrap your-name\"><input type=\"text\" name=\"your-name\" value=\"\" size=\"40\" class=\"wpcf7-form-control wpcf7-text wpcf7-validates-as-required\" aria-required=\"true\" aria-invalid=\"false\" placeholder=\"Eesnimi\" \/><\/span>\n <\/div>\n<div class=\"small-12 large-6 columns \">\n  <span class=\"wpcf7-form-control-wrap Last-Name\"><input type=\"text\" name=\"Last-Name\" value=\"\" size=\"40\" class=\"wpcf7-form-control wpcf7-text wpcf7-validates-as-required\" aria-required=\"true\" aria-invalid=\"false\" placeholder=\"Perekonnanimi\" \/><\/span>\n <\/div>\n<div class=\"small-12 large-6 columns \">\n  <span class=\"wpcf7-form-control-wrap your-email\"><input type=\"email\" name=\"your-email\" value=\"\" size=\"40\" class=\"wpcf7-form-control wpcf7-text wpcf7-email wpcf7-validates-as-required wpcf7-validates-as-email\" aria-required=\"true\" aria-invalid=\"false\" placeholder=\"E-post\" \/><\/span>\n <\/div>\n<div class=\"small-12 large-6 columns\">\n  <span class=\"wpcf7-form-control-wrap Phone-Number\"><input type=\"text\" name=\"Phone-Number\" value=\"\" size=\"40\" class=\"wpcf7-form-control wpcf7-text wpcf7-validates-as-required\" aria-required=\"true\" aria-invalid=\"false\" placeholder=\"Telefon\" \/><\/span>\n <\/div>\n<\/div>\n<div class=\"small-12 large-12 columns\">\n<span class=\"wpcf7-form-control-wrap your-message\"><textarea name=\"your-message\" cols=\"40\" rows=\"5\" class=\"wpcf7-form-control wpcf7-textarea\" aria-invalid=\"false\" placeholder=\"S\u00f5num\"><\/textarea><\/span><br \/>\n<input type=\"submit\" value=\"Saada\" class=\"wpcf7-form-control has-spinner wpcf7-submit button\" \/>\n<\/div>\n<div class=\"wpcf7-response-output\" aria-hidden=\"true\"><\/div><\/form><\/div>\r\n\r\n<div class=\"wd_empty_space\" data-heightmobile=\"40\" data-heighttablet=\"80\" data-heightdesktop=\"100\">\r\n\r\n<\/div>\r\n      \r\n\r\n\r\n\r\n        \r\n      \r\n    [\/vc_column][\/vc_row]<\/p>\n","protected":false},"excerpt":{"rendered":"<p>[vc_row][vc_column][\/vc_column][\/vc_row][vc_row full_width=&#8221;stretch_row&#8221; css=&#8221;.vc_custom_1651581283761{background-image: url(https:\/\/goclean.ee\/dekoratiivbetoon\/wp-content\/uploads\/2019\/11\/map_transparent_dark@2x.png?id=3109) !important;background-position: center !important;background-repeat: no-repeat !important;background-size: cover !important;}&#8221;][vc_column parallax=&#8221;content-moving&#8221; width=&#8221;1\/2&#8243; el_class=&#8221;overflow-visible&#8221;][vc_column_text]Valige meie isetasanduv seeria, kui soovite kergesti valatavat kokkut\u00f5mbumise vaba p\u00f5randat. P\u00f5hiomadused 100% mineraalne Kaubanduslikele ja t\u00f6\u00f6stuslikele pindadele Keskkonnas\u00f5bralik T\u00e4ielik v\u00e4rvivalik Minimaalne paksus 3 mm Sobilik nii sise- kui ka v\u00e4litingimustesse Kiire ja lihtsalt paigaldatav isetasanduv sari on professionaalse kvaliteediga pinnakate, mis [&hellip;]<\/p>\n","protected":false},"author":2,"featured_media":0,"parent":0,"menu_order":0,"comment_status":"closed","ping_status":"closed","template":"","meta":{"footnotes":""},"class_list":["post-3970","page","type-page","status-publish","hentry"],"yoast_head":"<!-- This site is optimized with the Yoast SEO plugin v18.9 - https:\/\/yoast.com\/wordpress\/plugins\/seo\/ -->\n<title>Isetasanduvbetoon - Dekoratiivbetoon<\/title>\n<meta name=\"description\" content=\"Kas olete kunagi kaalunud p\u00f5randat mis suudab konkureerida k\u00f5ige valgemate, elegantsemate ja tuntumate Itaalia marmoritega?\" \/>\n<meta name=\"robots\" content=\"index, follow, max-snippet:-1, max-image-preview:large, max-video-preview:-1\" \/>\n<link rel=\"canonical\" href=\"https:\/\/goclean.ee\/dekoratiivbetoon\/isetasanduvbetoon\/\" \/>\n<meta property=\"og:locale\" content=\"et_EE\" \/>\n<meta property=\"og:type\" content=\"article\" \/>\n<meta property=\"og:title\" content=\"Isetasanduvbetoon - Dekoratiivbetoon\" \/>\n<meta property=\"og:description\" content=\"Kas olete kunagi kaalunud p\u00f5randat mis suudab konkureerida k\u00f5ige valgemate, elegantsemate ja tuntumate Itaalia marmoritega?\" \/>\n<meta property=\"og:url\" content=\"https:\/\/goclean.ee\/dekoratiivbetoon\/isetasanduvbetoon\/\" \/>\n<meta property=\"og:site_name\" content=\"Dekoratiivbetoon\" \/>\n<meta property=\"article:modified_time\" content=\"2022-05-17T15:22:32+00:00\" \/>\n<meta name=\"twitter:card\" content=\"summary_large_image\" \/>\n<meta name=\"twitter:label1\" content=\"Est. reading time\" \/>\n\t<meta name=\"twitter:data1\" content=\"4 minutit\" \/>\n<script type=\"application\/ld+json\" class=\"yoast-schema-graph\">{\"@context\":\"https:\/\/schema.org\",\"@graph\":[{\"@type\":\"WebSite\",\"@id\":\"https:\/\/goclean.ee\/dekoratiivbetoon\/#website\",\"url\":\"https:\/\/goclean.ee\/dekoratiivbetoon\/\",\"name\":\"Dekoratiivbetoon\",\"description\":\"Avastage uus ruumikontseptsioon.\",\"potentialAction\":[{\"@type\":\"SearchAction\",\"target\":{\"@type\":\"EntryPoint\",\"urlTemplate\":\"https:\/\/goclean.ee\/dekoratiivbetoon\/?s={search_term_string}\"},\"query-input\":\"required name=search_term_string\"}],\"inLanguage\":\"et\"},{\"@type\":\"WebPage\",\"@id\":\"https:\/\/goclean.ee\/dekoratiivbetoon\/isetasanduvbetoon\/#webpage\",\"url\":\"https:\/\/goclean.ee\/dekoratiivbetoon\/isetasanduvbetoon\/\",\"name\":\"Isetasanduvbetoon - Dekoratiivbetoon\",\"isPartOf\":{\"@id\":\"https:\/\/goclean.ee\/dekoratiivbetoon\/#website\"},\"datePublished\":\"2022-05-03T13:09:04+00:00\",\"dateModified\":\"2022-05-17T15:22:32+00:00\",\"description\":\"Kas olete kunagi kaalunud p\u00f5randat mis suudab konkureerida k\u00f5ige valgemate, elegantsemate ja tuntumate Itaalia marmoritega?\",\"breadcrumb\":{\"@id\":\"https:\/\/goclean.ee\/dekoratiivbetoon\/isetasanduvbetoon\/#breadcrumb\"},\"inLanguage\":\"et\",\"potentialAction\":[{\"@type\":\"ReadAction\",\"target\":[\"https:\/\/goclean.ee\/dekoratiivbetoon\/isetasanduvbetoon\/\"]}]},{\"@type\":\"BreadcrumbList\",\"@id\":\"https:\/\/goclean.ee\/dekoratiivbetoon\/isetasanduvbetoon\/#breadcrumb\",\"itemListElement\":[{\"@type\":\"ListItem\",\"position\":1,\"name\":\"Home\",\"item\":\"https:\/\/goclean.ee\/dekoratiivbetoon\/\"},{\"@type\":\"ListItem\",\"position\":2,\"name\":\"Isetasanduvbetoon\"}]}]}<\/script>\n<!-- \/ Yoast SEO plugin. -->","yoast_head_json":{"title":"Isetasanduvbetoon - Dekoratiivbetoon","description":"Kas olete kunagi kaalunud p\u00f5randat mis suudab konkureerida k\u00f5ige valgemate, elegantsemate ja tuntumate Itaalia marmoritega?","robots":{"index":"index","follow":"follow","max-snippet":"max-snippet:-1","max-image-preview":"max-image-preview:large","max-video-preview":"max-video-preview:-1"},"canonical":"https:\/\/goclean.ee\/dekoratiivbetoon\/isetasanduvbetoon\/","og_locale":"et_EE","og_type":"article","og_title":"Isetasanduvbetoon - Dekoratiivbetoon","og_description":"Kas olete kunagi kaalunud p\u00f5randat mis suudab konkureerida k\u00f5ige valgemate, elegantsemate ja tuntumate Itaalia marmoritega?","og_url":"https:\/\/goclean.ee\/dekoratiivbetoon\/isetasanduvbetoon\/","og_site_name":"Dekoratiivbetoon","article_modified_time":"2022-05-17T15:22:32+00:00","twitter_card":"summary_large_image","twitter_misc":{"Est. reading time":"4 minutit"},"schema":{"@context":"https:\/\/schema.org","@graph":[{"@type":"WebSite","@id":"https:\/\/goclean.ee\/dekoratiivbetoon\/#website","url":"https:\/\/goclean.ee\/dekoratiivbetoon\/","name":"Dekoratiivbetoon","description":"Avastage uus ruumikontseptsioon.","potentialAction":[{"@type":"SearchAction","target":{"@type":"EntryPoint","urlTemplate":"https:\/\/goclean.ee\/dekoratiivbetoon\/?s={search_term_string}"},"query-input":"required name=search_term_string"}],"inLanguage":"et"},{"@type":"WebPage","@id":"https:\/\/goclean.ee\/dekoratiivbetoon\/isetasanduvbetoon\/#webpage","url":"https:\/\/goclean.ee\/dekoratiivbetoon\/isetasanduvbetoon\/","name":"Isetasanduvbetoon - Dekoratiivbetoon","isPartOf":{"@id":"https:\/\/goclean.ee\/dekoratiivbetoon\/#website"},"datePublished":"2022-05-03T13:09:04+00:00","dateModified":"2022-05-17T15:22:32+00:00","description":"Kas olete kunagi kaalunud p\u00f5randat mis suudab konkureerida k\u00f5ige valgemate, elegantsemate ja tuntumate Itaalia marmoritega?","breadcrumb":{"@id":"https:\/\/goclean.ee\/dekoratiivbetoon\/isetasanduvbetoon\/#breadcrumb"},"inLanguage":"et","potentialAction":[{"@type":"ReadAction","target":["https:\/\/goclean.ee\/dekoratiivbetoon\/isetasanduvbetoon\/"]}]},{"@type":"BreadcrumbList","@id":"https:\/\/goclean.ee\/dekoratiivbetoon\/isetasanduvbetoon\/#breadcrumb","itemListElement":[{"@type":"ListItem","position":1,"name":"Home","item":"https:\/\/goclean.ee\/dekoratiivbetoon\/"},{"@type":"ListItem","position":2,"name":"Isetasanduvbetoon"}]}]}},"_links":{"self":[{"href":"https:\/\/goclean.ee\/dekoratiivbetoon\/wp-json\/wp\/v2\/pages\/3970","targetHints":{"allow":["GET"]}}],"collection":[{"href":"https:\/\/goclean.ee\/dekoratiivbetoon\/wp-json\/wp\/v2\/pages"}],"about":[{"href":"https:\/\/goclean.ee\/dekoratiivbetoon\/wp-json\/wp\/v2\/types\/page"}],"author":[{"embeddable":true,"href":"https:\/\/goclean.ee\/dekoratiivbetoon\/wp-json\/wp\/v2\/users\/2"}],"replies":[{"embeddable":true,"href":"https:\/\/goclean.ee\/dekoratiivbetoon\/wp-json\/wp\/v2\/comments?post=3970"}],"version-history":[{"count":10,"href":"https:\/\/goclean.ee\/dekoratiivbetoon\/wp-json\/wp\/v2\/pages\/3970\/revisions"}],"predecessor-version":[{"id":4064,"href":"https:\/\/goclean.ee\/dekoratiivbetoon\/wp-json\/wp\/v2\/pages\/3970\/revisions\/4064"}],"wp:attachment":[{"href":"https:\/\/goclean.ee\/dekoratiivbetoon\/wp-json\/wp\/v2\/media?parent=3970"}],"curies":[{"name":"wp","href":"https:\/\/api.w.org\/{rel}","templated":true}]}}